{"id":7,"date":"2021-07-26T19:02:40","date_gmt":"2021-07-26T17:02:40","guid":{"rendered":"http:\/\/feba-fliesenbau.de\/?page_id=7"},"modified":"2021-07-26T20:48:35","modified_gmt":"2021-07-26T18:48:35","slug":"kontakt","status":"publish","type":"page","link":"http:\/\/feba-fliesenbau.de\/?page_id=7","title":{"rendered":"Kontakt"},"content":{"rendered":"\n<p class=\"has-black-color has-blue-background-color has-text-color has-background\">FEBA Fliesenbau UG (haftungsbeschr\u00e4nkt)<\/p>\n\n\n\n<p class=\"has-black-color has-blue-background-color has-text-color has-background\">Gesch\u00e4ftsf\u00fchrer: Mike Eisenhardt<\/p>\n\n\n\n<p class=\"has-black-color has-blue-background-color has-text-color has-background\">D\u00f6belner Str.&nbsp;4<br>12627 Berlin &#8211; Hellersdorf<\/p>\n\n\n\n<p class=\"has-black-color has-blue-background-color has-text-color has-background\">Telefon: (0 30) 99 27 89 25<\/p>\n\n\n\n<div style=\"height:290px\" aria-hidden=\"true\" class=\"wp-block-spacer\"><\/div>\n\n\n","protected":false},"excerpt":{"rendered":"<p>FEBA Fliesenbau UG (haftungsbeschr\u00e4nkt) Gesch\u00e4ftsf\u00fchrer: Mike Eisenhardt D\u00f6belner Str.&nbsp;412627 Berlin &#8211; Hellersdorf Telefon: (0 30) 99 27 89 25<\/p>\n","protected":false},"author":1,"featured_media":0,"parent":0,"menu_order":0,"comment_status":"closed","ping_status":"closed","template":"","meta":{"inline_featured_image":false,"footnotes":""},"class_list":["post-7","page","type-page","status-publish","hentry","entry"],"_links":{"self":[{"href":"http:\/\/feba-fliesenbau.de\/index.php?rest_route=\/wp\/v2\/pages\/7","targetHints":{"allow":["GET"]}}],"collection":[{"href":"http:\/\/feba-fliesenbau.de\/index.php?rest_route=\/wp\/v2\/pages"}],"about":[{"href":"http:\/\/feba-fliesenbau.de\/index.php?rest_route=\/wp\/v2\/types\/page"}],"author":[{"embeddable":true,"href":"http:\/\/feba-fliesenbau.de\/index.php?rest_route=\/wp\/v2\/users\/1"}],"replies":[{"embeddable":true,"href":"http:\/\/feba-fliesenbau.de\/index.php?rest_route=%2Fwp%2Fv2%2Fcomments&post=7"}],"version-history":[{"count":6,"href":"http:\/\/feba-fliesenbau.de\/index.php?rest_route=\/wp\/v2\/pages\/7\/revisions"}],"predecessor-version":[{"id":72,"href":"http:\/\/feba-fliesenbau.de\/index.php?rest_route=\/wp\/v2\/pages\/7\/revisions\/72"}],"wp:attachment":[{"href":"http:\/\/feba-fliesenbau.de\/index.php?rest_route=%2Fwp%2Fv2%2Fmedia&parent=7"}],"curies":[{"name":"wp","href":"https:\/\/api.w.org\/{rel}","templated":true}]}}